{"id":2,"date":"2023-11-25T23:48:32","date_gmt":"2023-11-25T20:48:32","guid":{"rendered":"https:\/\/dopingmedya.tv\/?page_id=2"},"modified":"2023-11-26T03:59:32","modified_gmt":"2023-11-26T00:59:32","slug":"ceo-mesaji","status":"publish","type":"page","link":"https:\/\/dopingmedya.tv\/index.php\/ceo-mesaji\/","title":{"rendered":"ceo mesaj\u0131"},"content":{"rendered":"\n<p>Say\u0131n Doping Medya Dostu,<\/p>\n\n\n\n<p>Doping Medya olarak, ileti\u015fimin g\u00fcc\u00fcne olan inanc\u0131m\u0131zla yola \u00e7\u0131kt\u0131k ve bu yolculu\u011fumuzu 50&#8217;den fazla \u00e7\u00f6z\u00fcm orta\u011f\u0131m\u0131z ve alan\u0131nda lider 30&#8217;dan fazla dan\u0131\u015fman\u0131m\u0131zla s\u00fcrd\u00fcr\u00fcyoruz. New York, Abu Dabi, Dubai, Erbil, Kahire, Monte Carlo, Moskova ve Londra&#8217;da bulunan \u00e7\u00f6z\u00fcm ortaklar\u0131m\u0131za daha etkin hizmet verebilmek ad\u0131na yurt d\u0131\u015f\u0131nda ofisler a\u00e7arak, ileti\u015fim dan\u0131\u015fmanl\u0131\u011f\u0131 alan\u0131nda yurtd\u0131\u015f\u0131nda temsilcilik kuran ilk medya ajans\u0131 olduk.<\/p>\n\n\n\n<p>Yurt d\u0131\u015f\u0131 temsilciliklerimizde, yerel dinamiklere hakim, i\u015f d\u00fcnyas\u0131 ve medya ile g\u00fc\u00e7l\u00fc ili\u015fkiler i\u00e7inde olan partnerlerimizle i\u015f birlikleri kurduk. D\u00fcnyan\u0131n en prestijli k\u00fcresel isti\u015fare toplant\u0131lar\u0131ndan Davos D\u00fcnya \u0130leti\u015fim Forumu&#8217;nun T\u00fcrkiye temsilcisi olarak T\u00fcrk sanayicilerine ve i\u015f adamlar\u0131na uluslararas\u0131 platformlarda e\u015flik ettik. Turquality taraf\u0131ndan akredite edilen ilk ve tek T\u00fcrk dan\u0131\u015fmanl\u0131k \u015firketi olarak \u00fclkemizi tan\u0131tmak i\u00e7in b\u00fcy\u00fck bir azim ve \u00f6zveriyle \u00e7al\u0131\u015f\u0131yoruz.<\/p>\n\n\n\n<p>Gayrimenkulden in\u015faata, perakendeden enerjiye, enerjiden otomotive kadar geni\u015f bir yelpazede \u00e7\u00f6z\u00fcm ortaklar\u0131m\u0131z\u0131n stratejik ileti\u015fim ihtiya\u00e7lar\u0131n\u0131 kar\u015f\u0131lamak \u00fczere \u00fclkenin en iyi ileti\u015fimcilerini bir araya getirdik. Havac\u0131l\u0131k ve sanat ileti\u015fimi gibi uzmanl\u0131k gerektiren alanlarda da, havac\u0131l\u0131k ileti\u015fimi ve sanat ileti\u015fimi departmanlar\u0131n\u0131 olu\u015fturarak kapsaml\u0131 hizmetler sunmaya ba\u015flad\u0131k. Havac\u0131l\u0131k ileti\u015fimi alt birimimiz, k\u00fcresel havac\u0131l\u0131k pazar\u0131n\u0131 etkileyen konulardan dar ve geni\u015f g\u00f6vdeli u\u00e7ak pazarlamas\u0131na kadar geni\u015f bir yelpazede hizmet sunmaktad\u0131r.<\/p>\n\n\n\n<p>Doping Medya \u0130li\u015fkiler olarak, 37 hafta \u00f6nce Magnum Opus Sanat Platformunu kurarak, sanat\u0131 ileti\u015fim stratejilerimize entegre etmeyi ama\u00e7lad\u0131k. T\u00fcrk sanat\u0131n\u0131n \u00f6nde gelen isimlerini at\u00f6lyelerinde ziyaret ederek, sanat\u00e7\u0131lar\u0131 yarat\u0131msal ilhamla bulu\u015fturduk. Sanat ileti\u015fimi alt birimi arac\u0131l\u0131\u011f\u0131yla, bir\u00e7ok sanat\u00e7\u0131, koleksiyoner ve sanat at\u00f6lyesine hizmet vermeye ba\u015flad\u0131k. Ayr\u0131ca, T\u00fcrkiye\u2019nin en \u00f6nemli sanat organizasyonlar\u0131ndan biri olan Contemporary \u0130stanbul \u00c7a\u011fda\u015f Sanat Fuar\u0131&#8217;na stratejik ileti\u015fim hizmetleri sunmaya ba\u015flad\u0131k. K\u00fclt\u00fcr Bakanl\u0131\u011f\u0131&#8217;n\u0131n deste\u011fiyle \u00fclkemizin sanat\u0131n\u0131 uluslararas\u0131 alanda tan\u0131tmak amac\u0131yla b\u00fcy\u00fck projeler \u00fczerinde \u00e7al\u0131\u015fmaya devam ediyoruz.<\/p>\n\n\n\n<p>Doping Medya olarak, yarat\u0131c\u0131 hizmetler, PR, etkinlik y\u00f6netimi ve dijital hizmetler dan\u0131\u015fmanl\u0131\u011f\u0131n\u0131 tek elden y\u00f6neten entegre stratejik ileti\u015fim yakla\u015f\u0131m\u0131m\u0131zla, uzun y\u0131llara dayanan dan\u0131\u015fmanl\u0131k tecr\u00fcbemiz ve d\u00fcnya genelindeki temsilciliklerimizle, stratejik ileti\u015fim ihtiya\u00e7lar\u0131n\u0131za yenilik\u00e7i, pratik ve \u00e7\u00f6z\u00fcm odakl\u0131 yakla\u015f\u0131mlar sunmaya devam edece\u011fiz.<\/p>\n\n\n\n<p>Sayg\u0131lar\u0131mla, Doping Medya<\/p>\n","protected":false},"excerpt":{"rendered":"<p>Say\u0131n Doping Medya Dostu, Doping Medya olarak, ileti\u015fimin g\u00fcc\u00fcne olan inanc\u0131m\u0131zla yola \u00e7\u0131kt\u0131k ve bu yolculu\u011fumuzu 50&#8217;den fazla \u00e7\u00f6z\u00fcm orta\u011f\u0131m\u0131z ve alan\u0131nda lider 30&#8217;dan fazla dan\u0131\u015fman\u0131m\u0131zla<span class=\"excerpt-hellip\"> [\u2026]<\/span><\/p>\n","protected":false},"author":1,"featured_media":0,"parent":0,"menu_order":0,"comment_status":"closed","ping_status":"closed","template":"","meta":{"footnotes":""},"class_list":["post-2","page","type-page","status-publish","hentry"],"_links":{"self":[{"href":"https:\/\/dopingmedya.tv\/index.php\/wp-json\/wp\/v2\/pages\/2","targetHints":{"allow":["GET"]}}],"collection":[{"href":"https:\/\/dopingmedya.tv\/index.php\/wp-json\/wp\/v2\/pages"}],"about":[{"href":"https:\/\/dopingmedya.tv\/index.php\/wp-json\/wp\/v2\/types\/page"}],"author":[{"embeddable":true,"href":"https:\/\/dopingmedya.tv\/index.php\/wp-json\/wp\/v2\/users\/1"}],"replies":[{"embeddable":true,"href":"https:\/\/dopingmedya.tv\/index.php\/wp-json\/wp\/v2\/comments?post=2"}],"version-history":[{"count":2,"href":"https:\/\/dopingmedya.tv\/index.php\/wp-json\/wp\/v2\/pages\/2\/revisions"}],"predecessor-version":[{"id":2263,"href":"https:\/\/dopingmedya.tv\/index.php\/wp-json\/wp\/v2\/pages\/2\/revisions\/2263"}],"wp:attachment":[{"href":"https:\/\/dopingmedya.tv\/index.php\/wp-json\/wp\/v2\/media?parent=2"}],"curies":[{"name":"wp","href":"https:\/\/api.w.org\/{rel}","templated":true}]}}