{"id":2217,"date":"2023-11-26T00:18:42","date_gmt":"2023-11-25T21:18:42","guid":{"rendered":"https:\/\/dopingmedya.tv\/?page_id=2217"},"modified":"2023-11-26T04:25:52","modified_gmt":"2023-11-26T01:25:52","slug":"sanat-iletisimi","status":"publish","type":"page","link":"https:\/\/dopingmedya.tv\/index.php\/sanat-iletisimi\/","title":{"rendered":"SANAT \u0130LET\u0130\u015e\u0130M\u0130"},"content":{"rendered":"\n<h4 class=\"wp-block-heading\">Sanat \u0130leti\u015fimi<\/h4>\n\n\n\n<h4 class=\"wp-block-heading\"><strong>Sanat \u0130leti\u015fiminin yeni adresi: Manifesto<\/strong><\/h4>\n\n\n\n<p>Sanat g\u00fcndelik hayat\u0131m\u0131z\u0131n her an\u0131nda\u2026 Sanat, farkl\u0131l\u0131klar\u0131, bilmediklerimizi, daha \u00f6nce hi\u00e7 g\u00f6rmediklerimizi fark etmemizin en s\u00fcrprizli, en heyecan verici yolu\u2026<\/p>\n\n\n\n<p>Bu yol \u00fclkemizde her ge\u00e7en g\u00fcn daha da canlan\u0131yor, hareketleniyor. Sadece metropollerimizde de\u011fil, T\u00fcrkiye\u2019nin d\u00f6rt bir yan\u0131nda g\u00fcn ge\u00e7miyor ki yeni bir sanat merkezi, m\u00fcze ya da galeri a\u00e7\u0131lmas\u0131n; yeni bir m\u00fczikalin, konserin ya da tiyatro oyununun duyurusu yap\u0131lmas\u0131n, fuarlar, bienaller, festivaller d\u00fczenlenmesin\u2026<\/p>\n\n\n\n<p>Say\u0131s\u0131 her ge\u00e7en g\u00fcn artan sanat etkinliklerinin aras\u0131ndan farkl\u0131la\u015fmak, do\u011fru zamanda, do\u011fru izleyici kitlesine do\u011fru kaynaklardan ula\u015fmak, art\u0131k daha da \u00f6nemli. Manifesto Halkla \u0130li\u015fkiler olarak, y\u0131llara dayanan uzmanl\u0131\u011f\u0131m\u0131z\u0131, birikimimizi \u015fimdi de sanat ileti\u015fimine aktar\u0131yoruz.<\/p>\n\n\n\n<p>Dinamik, yarat\u0131c\u0131 ve m\u00fc\u015fteri odakl\u0131 bir anlay\u0131\u015fla sanat\u0131 toplumun her kesimine sevdirmek, sanat\u00e7\u0131y\u0131, sanat kurumlar\u0131n\u0131 ve sanat\u0131 desteklemek i\u00e7in \u00e7\u00f6z\u00fcm orta\u011f\u0131n\u0131z olmak istiyoruz. Biliyoruz ki sanat\u0131n \u201cs\u0131n\u0131rlar\u0131\u201d yoktur; sesini sadece T\u00fcrkiye\u2019nin d\u00f6rt bir yan\u0131na de\u011fil, s\u0131n\u0131rlar \u00f6tesine de ta\u015f\u0131yabilmesi i\u00e7in kendini anlatmaya, hikayelerini herkesle payla\u015fmaya ihtiyac\u0131 vard\u0131r.<\/p>\n\n\n\n<p>Manifesto olarak \u201csesinizi duyurmaya\u201d talibiz; sizi dinleyerek, ileti\u015fim stratejilerinizi, senaryolar\u0131n\u0131z\u0131 de\u011fi\u015fen ileti\u015fim al\u0131\u015fkanl\u0131klar\u0131 do\u011frultusunda, yeni ara\u00e7lar kurgulayarak aktarman\u0131za destek olmak, bu yolda birlikte y\u00fcr\u00fcmek istiyoruz.<\/p>\n\n\n\n<h4 class=\"wp-block-heading\"><strong>UZMANLIK ALANLARIMIZ<\/strong><\/h4>\n\n\n\n<ul class=\"wp-block-list\">\n<li><strong>Stratejik \u0130leti\u015fim Dan\u0131\u015fmanl\u0131\u011f\u0131<\/strong><\/li>\n\n\n\n<li><strong>Medya \u0130li\u015fkileri<\/strong><\/li>\n\n\n\n<li><strong>Etkinlik Y\u00f6netimi<\/strong><\/li>\n\n\n\n<li><strong>\u0130zleyici Geli\u015ftirme<\/strong><\/li>\n\n\n\n<li><strong>\u0130\u00e7erik ve Prod\u00fcksiyon<\/strong><\/li>\n\n\n\n<li><strong>Profil ve Alg\u0131 Ara\u015ft\u0131rmalar\u0131<\/strong><\/li>\n\n\n\n<li><strong>Dijital Medya<\/strong><\/li>\n\n\n\n<li><strong>Medya E\u011fitimi<\/strong><\/li>\n<\/ul>\n","protected":false},"excerpt":{"rendered":"<p>Sanat \u0130leti\u015fimi Sanat \u0130leti\u015fiminin yeni adresi: Manifesto Sanat g\u00fcndelik hayat\u0131m\u0131z\u0131n her an\u0131nda\u2026 Sanat, farkl\u0131l\u0131klar\u0131, bilmediklerimizi, daha \u00f6nce hi\u00e7 g\u00f6rmediklerimizi fark etmemizin en s\u00fcrprizli, en heyecan verici<span class=\"excerpt-hellip\"> [\u2026]<\/span><\/p>\n","protected":false},"author":1,"featured_media":0,"parent":0,"menu_order":0,"comment_status":"closed","ping_status":"closed","template":"","meta":{"footnotes":""},"class_list":["post-2217","page","type-page","status-publish","hentry"],"_links":{"self":[{"href":"https:\/\/dopingmedya.tv\/index.php\/wp-json\/wp\/v2\/pages\/2217","targetHints":{"allow":["GET"]}}],"collection":[{"href":"https:\/\/dopingmedya.tv\/index.php\/wp-json\/wp\/v2\/pages"}],"about":[{"href":"https:\/\/dopingmedya.tv\/index.php\/wp-json\/wp\/v2\/types\/page"}],"author":[{"embeddable":true,"href":"https:\/\/dopingmedya.tv\/index.php\/wp-json\/wp\/v2\/users\/1"}],"replies":[{"embeddable":true,"href":"https:\/\/dopingmedya.tv\/index.php\/wp-json\/wp\/v2\/comments?post=2217"}],"version-history":[{"count":3,"href":"https:\/\/dopingmedya.tv\/index.php\/wp-json\/wp\/v2\/pages\/2217\/revisions"}],"predecessor-version":[{"id":2266,"href":"https:\/\/dopingmedya.tv\/index.php\/wp-json\/wp\/v2\/pages\/2217\/revisions\/2266"}],"wp:attachment":[{"href":"https:\/\/dopingmedya.tv\/index.php\/wp-json\/wp\/v2\/media?parent=2217"}],"curies":[{"name":"wp","href":"https:\/\/api.w.org\/{rel}","templated":true}]}}