{"id":2231,"date":"2023-11-26T00:21:57","date_gmt":"2023-11-25T21:21:57","guid":{"rendered":"https:\/\/dopingmedya.tv\/?page_id=2231"},"modified":"2023-11-26T01:43:15","modified_gmt":"2023-11-26T01:43:15","slug":"organizasyon-hizmetleri","status":"publish","type":"page","link":"https:\/\/dopingmedya.tv\/index.php\/organizasyon-hizmetleri\/","title":{"rendered":"ORGAN\u0130ZASYON H\u0130ZMETLER\u0130"},"content":{"rendered":"","protected":false},"excerpt":{"rendered":"","protected":false},"author":1,"featured_media":0,"parent":0,"menu_order":0,"comment_status":"closed","ping_status":"closed","template":"","meta":{"footnotes":""},"class_list":["post-2231","page","type-page","status-publish","hentry"],"_links":{"self":[{"href":"https:\/\/dopingmedya.tv\/index.php\/wp-json\/wp\/v2\/pages\/2231","targetHints":{"allow":["GET"]}}],"collection":[{"href":"https:\/\/dopingmedya.tv\/index.php\/wp-json\/wp\/v2\/pages"}],"about":[{"href":"https:\/\/dopingmedya.tv\/index.php\/wp-json\/wp\/v2\/types\/page"}],"author":[{"embeddable":true,"href":"https:\/\/dopingmedya.tv\/index.php\/wp-json\/wp\/v2\/users\/1"}],"replies":[{"embeddable":true,"href":"https:\/\/dopingmedya.tv\/index.php\/wp-json\/wp\/v2\/comments?post=2231"}],"version-history":[{"count":1,"href":"https:\/\/dopingmedya.tv\/index.php\/wp-json\/wp\/v2\/pages\/2231\/revisions"}],"predecessor-version":[{"id":2240,"href":"https:\/\/dopingmedya.tv\/index.php\/wp-json\/wp\/v2\/pages\/2231\/revisions\/2240"}],"wp:attachment":[{"href":"https:\/\/dopingmedya.tv\/index.php\/wp-json\/wp\/v2\/media?parent=2231"}],"curies":[{"name":"wp","href":"https:\/\/api.w.org\/{rel}","templated":true}]}}