{"id":2233,"date":"2023-11-26T00:21:57","date_gmt":"2023-11-25T21:21:57","guid":{"rendered":"https:\/\/dopingmedya.tv\/?page_id=2233"},"modified":"2023-11-26T04:43:31","modified_gmt":"2023-11-26T01:43:31","slug":"kreatif-ajans-hakkinda","status":"publish","type":"page","link":"https:\/\/dopingmedya.tv\/index.php\/kreatif-ajans-hakkinda\/","title":{"rendered":"Kreatif Ajans Hakk\u0131nda"},"content":{"rendered":"\n<h4 class=\"wp-block-heading\">Kreatif Ajans\u0131 Hakk\u0131nda<\/h4>\n\n\n\n<h3 class=\"wp-block-heading\">REKLAM AJANSLARI \u0130\u00c7\u0130N YEN\u0130 D\u00d6NEM PERSPEKT\u0130FLER\u0130NE G\u0130R\u0130\u015e<\/h3>\n\n\n\n<h4 class=\"wp-block-heading\"><strong>TASARIM AYRI\u015eTIRIR, FARKLILIK MARKALA\u015eTIRIR, MARKA SATTIRIR\u2026<\/strong><\/h4>\n\n\n\n<p>Marka \u0130leti\u015fimi, y\u0131llar boyu her oyuncunun kapmak i\u00e7in u\u011fra\u015ft\u0131\u011f\u0131 bir top olarak sahada d\u00f6nd\u00fc durdu. Halkla \u0130li\u015fkiler, Reklam ve Pazarlama profesyonelleri bir markan\u0131n ortak anlam\u0131n\u0131 in\u015fa etmenin, o markaya bir \u00f6m\u00fcr bi\u00e7mekle e\u015f anlaml\u0131 oldu\u011funu zaman i\u00e7inde, \u00e7ok b\u00fcy\u00fck b\u00fct\u00e7elerle ve m\u00fc\u015fterileri taraf\u0131ndan bir hayli h\u0131rpaland\u0131ktan sonra \u00f6\u011frendiler. Bug\u00fcn\u00fcn d\u00fcnyas\u0131n\u0131n getirdi\u011fi bilgi ve anlam yo\u011funlu\u011fuyla birlikte bir markan\u0131n ya\u015famas\u0131 ve geli\u015fmesi i\u00e7in farkl\u0131 disiplinlerin birlikte \u00e7al\u0131\u015fmalar\u0131, i\u00e7eri\u011fi birlikte in\u015fa etmelerinin \u00f6nemi ise yeni kavran\u0131yor.<\/p>\n\n\n\n<p>Reklam ajans\u0131n\u0131n PR ajans\u0131yla ayn\u0131 dili konu\u015famad\u0131\u011f\u0131, pazarlaman\u0131n her ikisine de d\u00fc\u015fman oldu\u011fu, dijitalin ise ne yapt\u0131\u011f\u0131n\u0131n belli olmad\u0131\u011f\u0131 g\u00fcnler geride kald\u0131. Bug\u00fcn\u00fcn piyasa ko\u015fullar\u0131 bize ayn\u0131 gemide oldu\u011fumuzu hat\u0131rlat\u0131yor, anlamayanlar\u0131 ise so\u011fuk bir du\u015f bekliyor.<\/p>\n\n\n\n<p>\u0130nternetin hayat\u0131m\u0131za getirdi\u011fi \u00e7e\u015fitlilikle birlikte bilimdeki ilerlemelerin \u0131\u015f\u0131\u011f\u0131nda, her g\u00fcn yeni bir \u00f6zelli\u011fi ke\u015ffedilen insan zihninin s\u0131rlar\u0131n\u0131 \u00f6\u011frendik\u00e7e bizden talep edilen \u2018marka sadakatini yaratman\u0131n ve s\u00fcrd\u00fcrmenin al\u0131\u015f\u0131lm\u0131\u015f y\u00f6ntemlerle ger\u00e7ekle\u015fmeyece\u011fine, yaln\u0131zca yeni bir zaman ve b\u00fct\u00e7e kayb\u0131 ya\u015fataca\u011f\u0131na olan inanc\u0131m\u0131z art\u0131yor.<\/p>\n\n\n\n<p>Manifesto\u2019nun \u00e7at\u0131s\u0131 alt\u0131nda \u2018kreatif epartman\u2019 bulundu\u011funu \u00f6\u011frenen bir \u00e7ok sekt\u00f6r profesyoneli bize ayn\u0131 soruyu soruyor; \u2018tam olarak ne yap\u0131yorsunuz?\u2019<\/p>\n\n\n\n<p>Bu soruya tek bir yan\u0131t vermek gerekirse e\u011fer: \u2018Biz \u00f6yk\u00fcler yarat\u0131yoruz\u2019.<\/p>\n\n\n\n<p>Bir organizma olarak hayal etti\u011fimiz markalar, kurumlar i\u00e7in ya\u015famlar tasarl\u0131yoruz.<\/p>\n\n\n\n<p>Farkl\u0131 disiplinleri \u2018bar\u0131\u015f i\u00e7inde, bir arada\u2019 bar\u0131nd\u0131ran Manifesto\u2019nun \u00e7at\u0131s\u0131 alt\u0131nda ayn\u0131 konuya ba\u015fka yerlerden bakan beyinlerin ortak hikayesini yaz\u0131yoruz.<\/p>\n\n\n\n<h4 class=\"wp-block-heading\"><strong>MAN\u0130FESTO \u0130\u00c7\u0130N KREAT\u0130F DEPARTMAN B\u0130R KES\u0130\u015eME NOKTASIDIR.<\/strong><\/h4>\n\n\n\n<p>Manifesto Kreatif bir reklam ajans\u0131 olarak konumland\u0131rabilece\u011finiz gibi, marka dan\u0131\u015fman\u0131, konsept tasar\u0131mc\u0131s\u0131, ilham kayna\u011f\u0131 olarak da alg\u0131layabilirsiniz.<\/p>\n\n\n\n<p>Bir reklam ajans\u0131ndan bekledi\u011finiz hizmetler i\u00e7in bize geldi\u011finizde, her \u015feyden \u00f6nce hikayenizi b\u00fct\u00fcnc\u00fcl bir bak\u0131\u015f a\u00e7\u0131s\u0131yla tasarlar\u0131z. Bizim elimizden \u00e7\u0131kan marka \u00f6yk\u00fcs\u00fc, PR, Pazarlama, Dijital ve Etkinlik&nbsp; disiplinleri taraf\u0131ndan da kullan\u0131labilir, \u00e7o\u011falt\u0131labilir<strong>,&nbsp;<\/strong>zira biz farkl\u0131 disiplinlerin gereksinimlerini, ihtiya\u00e7lar\u0131n\u0131 da bilir ve g\u00f6zetiriz.<strong>&nbsp;&nbsp;<\/strong><\/p>\n\n\n\n<p>Yeni marka isminden kurum kimli\u011fine, reklam kampanyas\u0131ndan s\u00fcreli yay\u0131nlara dek, g\u00f6rsel ileti\u015fimin t\u00fcm unsurlar\u0131n\u0131 tasarlarken her daim ayn\u0131 kural\u0131 g\u00f6zetiriz; \u2018par\u00e7adan b\u00fct\u00fcne, b\u00fct\u00fcnden par\u00e7aya; tek bir anlam, tek bir hedef\u2019\u2026<\/p>\n\n\n\n<p>Yarat\u0131c\u0131l\u0131k insana bah\u015fedilmi\u015f bir hediyedir. Bizi ma\u011faralar\u0131n so\u011fu\u011fundan al\u0131p \u2018residence\u2019lara getiren bir hediye\u2026 Yarat\u0131c\u0131 d\u00fc\u015f\u00fcnce ise ger\u00e7ekte, problem \u00e7\u00f6zmektir. Markalar d\u00fcnyas\u0131nda oyuncular\u0131n say\u0131s\u0131 artar, arz patlamas\u0131 ya\u015fan\u0131rken \u00e7\u00f6z\u00fclecek problemlerin say\u0131s\u0131 ise g\u00fcnden g\u00fcne art\u0131yor.<\/p>\n\n\n\n<p>Bu nedenle bizler Manifesto\u2019da PR, Etkinlik, Dijital ve Kreatif profesyonelleri olarak \u2018b\u00fct\u00fcnle\u015fik pazarlama ileti\u015fimi\u2019nin \u00f6nemine inan\u0131yoruz. Markan\u0131z, kurumunuz i\u00e7in stratejik ileti\u015fim \u00e7\u00f6z\u00fcmleri \u00fcretirken, sizi piyasadaki di\u011fer oyunculardan ayr\u0131\u015ft\u0131racak, anlaml\u0131 ve yarat\u0131c\u0131 fikirler \u00fcretmeye \u00f6zen g\u00f6steriyoruz.<\/p>\n\n\n\n<p>Bu noktada, bizi piyasadaki benzerlerimizden ay\u0131ran en \u00f6nemli unsurun, ileti\u015fim, etkinlik ve dijital departmanlar\u0131n i\u015f yap\u0131\u015f tarz\u0131na getirdi\u011fimiz yarat\u0131c\u0131 yakla\u015f\u0131mlar\u0131m\u0131z oldu\u011funu d\u00fc\u015f\u00fcn\u00fcyoruz.<\/p>\n\n\n\n<p>E\u011fer bir Manifesto PR m\u00fc\u015fterisi iseniz, Manifesto Kreatif&#8217;in izlerini Y\u0131ll\u0131k Stratejik \u0130leti\u015fim Plan\u0131n\u0131zdan, pazarlama projelerine, sosyal sorumluluk kampanyas\u0131 tasar\u0131mlar\u0131ndan, d\u00f6nemsel etkinlik planlar\u0131n\u0131za kadar bir \u00e7ok yerde bulabilirsiniz.<\/p>\n\n\n\n<p>Manifesto Event\u2019e geldi\u011finizde ise sizi her projeyle birlikte \u00f6zg\u00fcn bir sunum ve konsept \u00f6nerileri bekler. Sundu\u011fumuz her etkinlik fikrinin bir hikayesi vard\u0131r. Markan\u0131z, kurumunuz i\u00e7in anlaml\u0131 bir zemin olu\u015fturacak, etkinli\u011finizin hedef kitlesini tek bir anlam etraf\u0131nda toplayacak, \u00e7o\u011falt\u0131labilir hikayeler yazar\u0131z.<\/p>\n\n\n\n<h4 class=\"wp-block-heading\"><strong>MAN\u0130FESTO KREAT\u0130F \u2018TASARIM\u2019I G\u00d6RSEL D\u00dcNYAYLA SINIRLAMAZ, G\u00d6Z\u00dcM\u00dcZ\u00dcN G\u00d6RD\u00dc\u011e\u00dc, AKLIMIZIN ERD\u0130\u011e\u0130 HER YERDE B\u0130R TASARIM YAKLA\u015eIMI, UYUM, ARMON\u0130 VARDIR B\u0130ZE G\u00d6RE; YOKSA DA END\u0130\u015eELENMEY\u0130N, B\u0130Z YARATIRIZ\u2026<\/strong><\/h4>\n","protected":false},"excerpt":{"rendered":"<p>Kreatif Ajans\u0131 Hakk\u0131nda REKLAM AJANSLARI \u0130\u00c7\u0130N YEN\u0130 D\u00d6NEM PERSPEKT\u0130FLER\u0130NE G\u0130R\u0130\u015e TASARIM AYRI\u015eTIRIR, FARKLILIK MARKALA\u015eTIRIR, MARKA SATTIRIR\u2026 Marka \u0130leti\u015fimi, y\u0131llar boyu her oyuncunun kapmak i\u00e7in u\u011fra\u015ft\u0131\u011f\u0131 bir<span class=\"excerpt-hellip\"> [\u2026]<\/span><\/p>\n","protected":false},"author":1,"featured_media":0,"parent":0,"menu_order":0,"comment_status":"closed","ping_status":"closed","template":"","meta":{"footnotes":""},"class_list":["post-2233","page","type-page","status-publish","hentry"],"_links":{"self":[{"href":"https:\/\/dopingmedya.tv\/index.php\/wp-json\/wp\/v2\/pages\/2233","targetHints":{"allow":["GET"]}}],"collection":[{"href":"https:\/\/dopingmedya.tv\/index.php\/wp-json\/wp\/v2\/pages"}],"about":[{"href":"https:\/\/dopingmedya.tv\/index.php\/wp-json\/wp\/v2\/types\/page"}],"author":[{"embeddable":true,"href":"https:\/\/dopingmedya.tv\/index.php\/wp-json\/wp\/v2\/users\/1"}],"replies":[{"embeddable":true,"href":"https:\/\/dopingmedya.tv\/index.php\/wp-json\/wp\/v2\/comments?post=2233"}],"version-history":[{"count":2,"href":"https:\/\/dopingmedya.tv\/index.php\/wp-json\/wp\/v2\/pages\/2233\/revisions"}],"predecessor-version":[{"id":2268,"href":"https:\/\/dopingmedya.tv\/index.php\/wp-json\/wp\/v2\/pages\/2233\/revisions\/2268"}],"wp:attachment":[{"href":"https:\/\/dopingmedya.tv\/index.php\/wp-json\/wp\/v2\/media?parent=2233"}],"curies":[{"name":"wp","href":"https:\/\/api.w.org\/{rel}","templated":true}]}}