{"id":2279,"date":"2023-11-26T05:06:10","date_gmt":"2023-11-26T02:06:10","guid":{"rendered":"https:\/\/dopingmedya.tv\/?page_id=2279"},"modified":"2023-11-26T05:08:32","modified_gmt":"2023-11-26T02:08:32","slug":"marka-yonetimi","status":"publish","type":"page","link":"https:\/\/dopingmedya.tv\/index.php\/marka-yonetimi\/","title":{"rendered":"Marka Y\u00f6netimi"},"content":{"rendered":"\n<p>Bir marka yaratmak ve bu markan\u0131n uzun y\u0131llar boyunca ayn\u0131 g\u00fcce sahip olarak s\u00fcrd\u00fcr\u00fclebilir kalmas\u0131n\u0131 sa\u011flamak, marka y\u00f6netimi kavram\u0131n\u0131n ana konusudur. Markay\u0131 olu\u015fturmak kadar, o markan\u0131n hedef kitlesi nazar\u0131nda zamanla edindi\u011fi imaj\u0131 koruyabilmek de son derece \u00f6nemli bir olgudur. Marka y\u00f6netimi kavram\u0131 i\u015fte tam da bu noktada devreye girmektedir. Markan\u0131n her t\u00fcrl\u00fc ileti\u015fim, halkla ili\u015fkiler, imaj veya alg\u0131 olu\u015fturma gibi stratejik faaliyetlerinin, profesyonel bir bak\u0131\u015f a\u00e7\u0131s\u0131 ile y\u00f6netilmesidir, marka y\u00f6netimi.<\/p>\n\n\n\n<p>Marka y\u00f6netimi, markan\u0131n hedeflerine y\u00f6nelik stratejik bir planlama ve hedef kitle ile s\u00fcrd\u00fcr\u00fclebilir, sa\u011fl\u0131kl\u0131 bir ileti\u015fim dizayn etme hamlelerinin b\u00fct\u00fcn\u00fcd\u00fcr. T\u00fcm bu hamleler markan\u0131n i\u00e7inde bulundu\u011fu sekt\u00f6r<a>,&nbsp;<\/a>hedef kitlesinin kim oldu\u011fu ve yaratmak istedi\u011fi alg\u0131 ile do\u011frudan ilgilidir. Bu olgular\u0131 rehber olarak alan ve bu \u015fekilde y\u00f6netilen her marka, \u00e7ok daha uzun vadeli bir \u00f6m\u00fcr s\u00fcrd\u00fcrebilecek demektir.<\/p>\n\n\n\n<p>Marka y\u00f6netimi, g\u00fcn\u00fcm\u00fczde online kanallar kullan\u0131larak yap\u0131lmas\u0131 tercih edilen bir olgu olarak kar\u015f\u0131m\u0131za \u00e7\u0131kmaktad\u0131r. Online mecralarda kullan\u0131c\u0131 kitlesi ile kal\u0131c\u0131 bir ileti\u015fim yaratma ve etkile\u015fim maksimizasyonu sa\u011flama ad\u0131na markalar \u00e7ok \u00f6nemli ad\u0131mlar atmaktad\u0131rlar. Do\u011fru y\u00f6netilen her marka, arzu etti\u011fi online kimli\u011fe \u00e7ok k\u0131sa bir s\u00fcrede ula\u015fabilir ve s\u00fcrd\u00fcr\u00fclebilir bir alg\u0131 yaratabilir.<\/p>\n","protected":false},"excerpt":{"rendered":"<p>Bir marka yaratmak ve bu markan\u0131n uzun y\u0131llar boyunca ayn\u0131 g\u00fcce sahip olarak s\u00fcrd\u00fcr\u00fclebilir kalmas\u0131n\u0131 sa\u011flamak, marka y\u00f6netimi kavram\u0131n\u0131n ana konusudur. Markay\u0131 olu\u015fturmak kadar, o markan\u0131n<span class=\"excerpt-hellip\"> [\u2026]<\/span><\/p>\n","protected":false},"author":1,"featured_media":0,"parent":0,"menu_order":0,"comment_status":"closed","ping_status":"closed","template":"","meta":{"footnotes":""},"class_list":["post-2279","page","type-page","status-publish","hentry"],"_links":{"self":[{"href":"https:\/\/dopingmedya.tv\/index.php\/wp-json\/wp\/v2\/pages\/2279","targetHints":{"allow":["GET"]}}],"collection":[{"href":"https:\/\/dopingmedya.tv\/index.php\/wp-json\/wp\/v2\/pages"}],"about":[{"href":"https:\/\/dopingmedya.tv\/index.php\/wp-json\/wp\/v2\/types\/page"}],"author":[{"embeddable":true,"href":"https:\/\/dopingmedya.tv\/index.php\/wp-json\/wp\/v2\/users\/1"}],"replies":[{"embeddable":true,"href":"https:\/\/dopingmedya.tv\/index.php\/wp-json\/wp\/v2\/comments?post=2279"}],"version-history":[{"count":1,"href":"https:\/\/dopingmedya.tv\/index.php\/wp-json\/wp\/v2\/pages\/2279\/revisions"}],"predecessor-version":[{"id":2280,"href":"https:\/\/dopingmedya.tv\/index.php\/wp-json\/wp\/v2\/pages\/2279\/revisions\/2280"}],"wp:attachment":[{"href":"https:\/\/dopingmedya.tv\/index.php\/wp-json\/wp\/v2\/media?parent=2279"}],"curies":[{"name":"wp","href":"https:\/\/api.w.org\/{rel}","templated":true}]}}