{"id":2285,"date":"2023-11-26T05:11:30","date_gmt":"2023-11-26T02:11:30","guid":{"rendered":"https:\/\/dopingmedya.tv\/?page_id=2285"},"modified":"2023-11-26T05:11:30","modified_gmt":"2023-11-26T02:11:30","slug":"konu-yonetimi","status":"publish","type":"page","link":"https:\/\/dopingmedya.tv\/index.php\/konu-yonetimi\/","title":{"rendered":"Konu Y\u00f6netimi"},"content":{"rendered":"\n<p>Konu y\u00f6netimi, bir markan\u0131n itibar\u0131n\u0131 zedeleyebilecek bir krizin olu\u015fmas\u0131na meydan vermemek ad\u0131na \u00f6nceden bu tip konular\u0131n belirlenip, y\u00f6netilmesi faaliyetlerinin b\u00fct\u00fcn\u00fcn\u00fc kapsar. Olas\u0131 bir krizi olu\u015fturabilecek ya da tetikleyebilecek hassas konular tespit edilip, bu anlamda stratejik \u00e7\u00f6z\u00fcmler \u00fcretilmesi konu y\u00f6netimi kavram\u0131n\u0131n temelini olu\u015fturmaktad\u0131r.<\/p>\n\n\n\n<p>Konu y\u00f6netimi kapsam\u0131nda markalar, kriz yaratabilecek durumlar\u0131 \u00f6ng\u00f6r\u00fcsel olarak ortadan kald\u0131rabilmenin yollar\u0131n\u0131 ararlar. Bu anlamda olu\u015fturulabilecek profesyonel bir ekip<a>,<\/a>&nbsp;markalar\u0131n olas\u0131 bir kriz i\u00e7erisine girmeden, faaliyetlerini ayn\u0131 verimle s\u00fcrd\u00fcrmesine yard\u0131mc\u0131 olmak i\u00e7in son derece \u00f6nemli bir rol oynamaktad\u0131r. Bu nedenle ortaya \u00e7\u0131kabilecek bir krize konu olacak her t\u00fcrl\u00fc durumun \u00f6nceden tespit edilmesi alan\u0131nda uzman kimselerin i\u015fidir.<\/p>\n\n\n\n<p>Markalar\u0131n kurulduklar\u0131 g\u00fcnden itibaren titizlikle olu\u015fturmaya \u00e7al\u0131\u015ft\u0131klar\u0131 itibarlar\u0131n\u0131n herhangi bir kriz durumunda yerle bir olmas\u0131n\u0131 \u00f6nlemek ad\u0131na konu y\u00f6netimi kavram\u0131na son derece \u00f6nem vermeleri gerekmektedir. Kriz konusu olabilecek olaylar\u0131n \u00f6n\u00fcne ge\u00e7ebilmek ad\u0131na stratejik \u00f6nlemlerin al\u0131nmas\u0131, marka itibar\u0131n\u0131n sars\u0131lmamas\u0131 i\u00e7in \u00e7ok kritiktir. Bu noktada konu y\u00f6netimi olgusuna verilecek \u00f6nem bir nevi marka itibar\u0131n\u0131n korunmas\u0131 i\u00e7in harcanacak \u00e7abaya e\u015fde\u011ferdir.<\/p>\n","protected":false},"excerpt":{"rendered":"<p>Konu y\u00f6netimi, bir markan\u0131n itibar\u0131n\u0131 zedeleyebilecek bir krizin olu\u015fmas\u0131na meydan vermemek ad\u0131na \u00f6nceden bu tip konular\u0131n belirlenip, y\u00f6netilmesi faaliyetlerinin b\u00fct\u00fcn\u00fcn\u00fc kapsar. Olas\u0131 bir krizi olu\u015fturabilecek ya<span class=\"excerpt-hellip\"> [\u2026]<\/span><\/p>\n","protected":false},"author":1,"featured_media":0,"parent":0,"menu_order":0,"comment_status":"closed","ping_status":"closed","template":"","meta":{"footnotes":""},"class_list":["post-2285","page","type-page","status-publish","hentry"],"_links":{"self":[{"href":"https:\/\/dopingmedya.tv\/index.php\/wp-json\/wp\/v2\/pages\/2285","targetHints":{"allow":["GET"]}}],"collection":[{"href":"https:\/\/dopingmedya.tv\/index.php\/wp-json\/wp\/v2\/pages"}],"about":[{"href":"https:\/\/dopingmedya.tv\/index.php\/wp-json\/wp\/v2\/types\/page"}],"author":[{"embeddable":true,"href":"https:\/\/dopingmedya.tv\/index.php\/wp-json\/wp\/v2\/users\/1"}],"replies":[{"embeddable":true,"href":"https:\/\/dopingmedya.tv\/index.php\/wp-json\/wp\/v2\/comments?post=2285"}],"version-history":[{"count":1,"href":"https:\/\/dopingmedya.tv\/index.php\/wp-json\/wp\/v2\/pages\/2285\/revisions"}],"predecessor-version":[{"id":2286,"href":"https:\/\/dopingmedya.tv\/index.php\/wp-json\/wp\/v2\/pages\/2285\/revisions\/2286"}],"wp:attachment":[{"href":"https:\/\/dopingmedya.tv\/index.php\/wp-json\/wp\/v2\/media?parent=2285"}],"curies":[{"name":"wp","href":"https:\/\/api.w.org\/{rel}","templated":true}]}}