{"id":2287,"date":"2023-11-26T05:12:05","date_gmt":"2023-11-26T02:12:05","guid":{"rendered":"https:\/\/dopingmedya.tv\/?page_id=2287"},"modified":"2023-11-26T05:32:29","modified_gmt":"2023-11-26T02:32:29","slug":"sponsorluk-iletisimi","status":"publish","type":"page","link":"https:\/\/dopingmedya.tv\/index.php\/sponsorluk-iletisimi\/","title":{"rendered":"Sponsorluk \u0130leti\u015fimi"},"content":{"rendered":"\n<p>G\u00fcn\u00fcm\u00fczde bir markan\u0131n art\u0131 bir gelir kayna\u011f\u0131 elde etme ve faaliyetlerini \u00e7ok daha g\u00fc\u00e7l\u00fc bir \u015fekilde s\u00fcrd\u00fcrebilmesi ad\u0131na sponsorluk anla\u015fmalar\u0131 yapmas\u0131 son derece \u00f6nemli bir olgudur. Markalar bu anlamda kendi kurum k\u00fclt\u00fcrleri ile uyu\u015fan ve hedef kitleleri g\u00f6z\u00fcnde kendilerini stat\u00fc anlam\u0131nda iyi bir yere ta\u015f\u0131yabilecek \u015firketler ile sponsorluk anla\u015fmalar\u0131 yapma yoluna gitmektedirler. Sponsorlar ile yap\u0131lan anla\u015fmalar esnas\u0131nda ve daha sonraki s\u00fcre\u00e7lerin tamam\u0131nda y\u00fcr\u00fct\u00fclen ileti\u015fim faaliyetlerini ise sponsorluk ileti\u015fimi diye tan\u0131mlayabilmemiz m\u00fcmk\u00fcnd\u00fcr.<\/p>\n\n\n\n<p>Sponsorluk ileti\u015fimi, markalar\u0131n birlikte yola \u00e7\u0131kt\u0131klar\u0131 sponsor \u015firketlerin belirlenmesi, do\u011fru sponsor \u015firketin se\u00e7imi, sponsorluk anla\u015fmas\u0131n\u0131n d\u00fczenlenmesi ve sonras\u0131nda sponsor firma ile marka aras\u0131nda s\u00fcrd\u00fcr\u00fclen ileti\u015fimin ba\u015far\u0131l\u0131 bir \u015fekilde y\u00fcr\u00fct\u00fclmesi faaliyetlerin kapsamaktad\u0131r. Do\u011fru sponsor ile yola \u00e7\u0131kan ve do\u011fru bir ileti\u015fim tarz\u0131 benimseyen her marka, hedef kitle ve sekt\u00f6rel anlamda marka itibar\u0131n\u0131 g\u00fc\u00e7lendirmi\u015f olacakt\u0131r. Bir marka ayr\u0131ca yapaca\u011f\u0131 stratejik sponsorluk anla\u015fmalar\u0131 ile finansal anlamda kendisine ciddi bir ek kaynak yaratma \u015fans\u0131na sahip olur. Bu sebeple bu anlamda at\u0131lacak ad\u0131mlar\u0131n olduk\u00e7a \u00f6zenli ve profesyonel \u015fekilde organize edilmesi gerekmektedir.<\/p>\n\n\n\n<p>Sponsorluk ileti\u015fimi, ayr\u0131ca bir markan\u0131n tan\u0131t\u0131m\u0131 ve ad\u0131n\u0131n \u00e7ok daha geni\u015f kitlelere duyurulmas\u0131 i\u00e7in ba\u015fka bir markaya sponsor olmas\u0131 i\u00e7in de yap\u0131lmaktad\u0131r. Bu noktada da markan\u0131n sponsor olaca\u011f\u0131 \u015firketin son derece profesyonel bir \u015fekilde se\u00e7ilmesi ve sonras\u0131ndaki ileti\u015fim faaliyetlerinin yine ayn\u0131 \u00f6zenle ger\u00e7ekle\u015ftirilmesi gerekir. Bu anlamda yap\u0131lacak olan i\u015f ortakl\u0131klar\u0131, sponsor olan firman\u0131n imaj\u0131n\u0131 g\u00fc\u00e7lendirilebilecek ve de\u011fer katabilecek \u015fekilde organize edilmelidir.<\/p>\n","protected":false},"excerpt":{"rendered":"<p>G\u00fcn\u00fcm\u00fczde bir markan\u0131n art\u0131 bir gelir kayna\u011f\u0131 elde etme ve faaliyetlerini \u00e7ok daha g\u00fc\u00e7l\u00fc bir \u015fekilde s\u00fcrd\u00fcrebilmesi ad\u0131na sponsorluk anla\u015fmalar\u0131 yapmas\u0131 son derece \u00f6nemli bir olgudur.<span class=\"excerpt-hellip\"> [\u2026]<\/span><\/p>\n","protected":false},"author":1,"featured_media":0,"parent":0,"menu_order":0,"comment_status":"closed","ping_status":"closed","template":"","meta":{"footnotes":""},"class_list":["post-2287","page","type-page","status-publish","hentry"],"_links":{"self":[{"href":"https:\/\/dopingmedya.tv\/index.php\/wp-json\/wp\/v2\/pages\/2287","targetHints":{"allow":["GET"]}}],"collection":[{"href":"https:\/\/dopingmedya.tv\/index.php\/wp-json\/wp\/v2\/pages"}],"about":[{"href":"https:\/\/dopingmedya.tv\/index.php\/wp-json\/wp\/v2\/types\/page"}],"author":[{"embeddable":true,"href":"https:\/\/dopingmedya.tv\/index.php\/wp-json\/wp\/v2\/users\/1"}],"replies":[{"embeddable":true,"href":"https:\/\/dopingmedya.tv\/index.php\/wp-json\/wp\/v2\/comments?post=2287"}],"version-history":[{"count":1,"href":"https:\/\/dopingmedya.tv\/index.php\/wp-json\/wp\/v2\/pages\/2287\/revisions"}],"predecessor-version":[{"id":2288,"href":"https:\/\/dopingmedya.tv\/index.php\/wp-json\/wp\/v2\/pages\/2287\/revisions\/2288"}],"wp:attachment":[{"href":"https:\/\/dopingmedya.tv\/index.php\/wp-json\/wp\/v2\/media?parent=2287"}],"curies":[{"name":"wp","href":"https:\/\/api.w.org\/{rel}","templated":true}]}}