{"id":2289,"date":"2023-11-26T05:13:00","date_gmt":"2023-11-26T02:13:00","guid":{"rendered":"https:\/\/dopingmedya.tv\/?page_id=2289"},"modified":"2023-11-26T05:34:02","modified_gmt":"2023-11-26T02:34:02","slug":"finansal-iletisim","status":"publish","type":"page","link":"https:\/\/dopingmedya.tv\/index.php\/finansal-iletisim\/","title":{"rendered":"Finansal \u0130leti\u015fim"},"content":{"rendered":"\n<p>Finansal ileti\u015fim,<a>&nbsp;<\/a>kurum ve kurulu\u015flar\u0131n, ticari anlamdaki her t\u00fcrl\u00fc faaliyetine dair olu\u015fturulmu\u015f ileti\u015fim \u015feklidir. Firmalar, finansal yap\u0131lar\u0131na ili\u015fkin stratejik hamleler yapma, i\u015f ba\u011flant\u0131lar\u0131nda bulunma, fon yaratma, b\u00fct\u00e7e belirleme gibi etmenlerin y\u00f6netimi ve denetlenmesi i\u00e7in finansal ileti\u015fime ihtiya\u00e7 duyarlar.<\/p>\n\n\n\n<p>Finansal ileti\u015fim, firmalara ticari anlamda \u00e7ok daha verimli hareket edebilme imk\u00e2n\u0131 tan\u0131r. Bu anlamda olu\u015fturulan d\u0131\u015f ba\u011flant\u0131lar ile firmaya yeni yat\u0131r\u0131mc\u0131lar kazand\u0131r\u0131larak fon ihtiyac\u0131 giderilebilir. Yine g\u00fc\u00e7l\u00fc ve s\u00fcrd\u00fcr\u00fclebilir bir finansal ileti\u015fim modeli ile firman\u0131n hedef kitlesi g\u00f6z\u00fcnde ticari anlamdaki \u015feffafl\u0131\u011f\u0131 da sa\u011flanm\u0131\u015f olur. B\u00f6ylece firmalar hedef kitleleri s\u00fcrd\u00fcrd\u00fckleri sa\u011fl\u0131kl\u0131 bir finansal ileti\u015fim tarz\u0131 ile itibar anlam\u0131nda da iyi bir yer edinmi\u015f olurlar.<\/p>\n\n\n\n<p>Finansal ileti\u015fim, ba\u015fl\u0131 ba\u015f\u0131na uzmanl\u0131k gerektiren bir aland\u0131r. Bir firman\u0131n finansal ileti\u015fim faaliyetlerini ger\u00e7ekle\u015ftirmek i\u00e7in birlikte \u00e7al\u0131\u015ft\u0131\u011f\u0131 ekibin son derece profesyonel, finans alan\u0131na h\u00e2kim, hedef kitle ileti\u015fimini organize edebilme yetene\u011fine sahip olmas\u0131 \u015fartt\u0131r. Finansal ileti\u015fim gibi direkt olarak ekonomiyi ilgilendiren bir ileti\u015fim alan\u0131 asla yeterli donan\u0131ma sahip olmayan bireyler taraf\u0131ndan y\u00f6netilmemelidir. Finansal ileti\u015fim, halka arz edilen firmalar\u0131n, finans piyasalar\u0131nda sahip oldu\u011fu t\u00fcm varl\u0131klar\u0131, i\u015f ortakl\u0131klar\u0131, yat\u0131r\u0131mc\u0131 ili\u015fkileri, yapmay\u0131 d\u00fc\u015f\u00fcnd\u00fc\u011f\u00fc stratejik hamleler ve ekonomik anlamdaki t\u00fcm giri\u015f \u00e7\u0131k\u0131\u015flar\u0131 hakk\u0131ndaki bilgilerin do\u011fru ve net bir \u015fekilde aktar\u0131lmas\u0131 faaliyetleri a\u00e7\u0131s\u0131ndan son derece k\u0131ymetli bir ileti\u015fim alan\u0131d\u0131r.<\/p>\n","protected":false},"excerpt":{"rendered":"<p>Finansal ileti\u015fim,&nbsp;kurum ve kurulu\u015flar\u0131n, ticari anlamdaki her t\u00fcrl\u00fc faaliyetine dair olu\u015fturulmu\u015f ileti\u015fim \u015feklidir. Firmalar, finansal yap\u0131lar\u0131na ili\u015fkin stratejik hamleler yapma, i\u015f ba\u011flant\u0131lar\u0131nda bulunma, fon yaratma, b\u00fct\u00e7e<span class=\"excerpt-hellip\"> [\u2026]<\/span><\/p>\n","protected":false},"author":1,"featured_media":0,"parent":0,"menu_order":0,"comment_status":"closed","ping_status":"closed","template":"","meta":{"footnotes":""},"class_list":["post-2289","page","type-page","status-publish","hentry"],"_links":{"self":[{"href":"https:\/\/dopingmedya.tv\/index.php\/wp-json\/wp\/v2\/pages\/2289","targetHints":{"allow":["GET"]}}],"collection":[{"href":"https:\/\/dopingmedya.tv\/index.php\/wp-json\/wp\/v2\/pages"}],"about":[{"href":"https:\/\/dopingmedya.tv\/index.php\/wp-json\/wp\/v2\/types\/page"}],"author":[{"embeddable":true,"href":"https:\/\/dopingmedya.tv\/index.php\/wp-json\/wp\/v2\/users\/1"}],"replies":[{"embeddable":true,"href":"https:\/\/dopingmedya.tv\/index.php\/wp-json\/wp\/v2\/comments?post=2289"}],"version-history":[{"count":1,"href":"https:\/\/dopingmedya.tv\/index.php\/wp-json\/wp\/v2\/pages\/2289\/revisions"}],"predecessor-version":[{"id":2290,"href":"https:\/\/dopingmedya.tv\/index.php\/wp-json\/wp\/v2\/pages\/2289\/revisions\/2290"}],"wp:attachment":[{"href":"https:\/\/dopingmedya.tv\/index.php\/wp-json\/wp\/v2\/media?parent=2289"}],"curies":[{"name":"wp","href":"https:\/\/api.w.org\/{rel}","templated":true}]}}