{"id":2291,"date":"2023-11-26T05:13:36","date_gmt":"2023-11-26T02:13:36","guid":{"rendered":"https:\/\/dopingmedya.tv\/?page_id=2291"},"modified":"2023-11-26T05:13:37","modified_gmt":"2023-11-26T02:13:37","slug":"medya-iletisimi","status":"publish","type":"page","link":"https:\/\/dopingmedya.tv\/index.php\/medya-iletisimi\/","title":{"rendered":"Medya \u0130leti\u015fimi"},"content":{"rendered":"\n<p>Bir markan\u0131n lanse etmeye \u00e7al\u0131\u015ft\u0131\u011f\u0131 t\u00fcm faaliyetlerinin, medya arac\u0131l\u0131\u011f\u0131 ile hedef kitlesine arzu edilen bir bi\u00e7imde aktar\u0131lmas\u0131na medya ileti\u015fimi denmektedir.<\/p>\n\n\n\n<p>Medya ileti\u015fimi, son derece \u00f6zenli bir \u015fekilde y\u00fcr\u00fct\u00fclmesi gereken bir olgudur. Markalar gerek kurum k\u00fclt\u00fcr\u00fc gerekse tasarlad\u0131klar\u0131 faaliyetlerini hedef kitlelerine net ve anla\u015f\u0131l\u0131r bir \u015fekilde anlatmak zorundad\u0131rlar. Hedef kitle ile marka aras\u0131nda ba\u011f kurman\u0131n ve s\u00fcrd\u00fcr\u00fclebilir bir ileti\u015fim yaratabilmenin yeg\u00e2ne y\u00f6ntemi budur. Arzu edilen bu ileti\u015fim faaliyetinin en g\u00fc\u00e7l\u00fc \u015fekilde ger\u00e7ekle\u015fmesinin yolu ise sa\u011flam bir medya ileti\u015fimi kurgusundan ge\u00e7mektedir.<\/p>\n\n\n\n<p>Medya ileti\u015fimi, markalar\u0131n sunduklar\u0131 \u00fcr\u00fcn ve hizmetlerinin hedef kitle taraf\u0131ndan fark edilmesinin de en temel yollar\u0131ndan bir tanesidir. Medya, son derece g\u00fc\u00e7l\u00fc bir ileti\u015fim organ\u0131d\u0131r ve her marka medya arac\u0131l\u0131\u011f\u0131 ile potansiyel m\u00fc\u015fteri kitlesine ula\u015fabilme \u015fans\u0131 yakalayabilmektedir. Medya ileti\u015fimi maksimizasyonu yaratabilmek de markalar\u0131n hedef kitleleri ile aras\u0131ndaki mesafenin ortadan kald\u0131r\u0131lmas\u0131 anlam\u0131n\u0131 ta\u015f\u0131r.<\/p>\n\n\n\n<p>Medya ileti\u015fimi g\u00fcn\u00fcm\u00fczde yerini geleneksel y\u00f6ntemlerden dijital mecralara evrilme \u015feklinde g\u00f6stermektedir. Markalar \u00f6zellikle sosyal medya kanallar\u0131n\u0131 g\u00fc\u00e7l\u00fc ve etkin bir \u015fekilde kulanarak, potansiyel kullan\u0131c\u0131lar\u0131na \u00e7ok daha kolay ula\u015fabilmenin avantaj\u0131n\u0131 de\u011ferlendirme yolunda stratejik ad\u0131mlar atmaktad\u0131rlar. Bu anlamda dijital medya ileti\u015fimi g\u00fcn\u00fcm\u00fcz\u00fcn yeni medya ileti\u015fim tarz\u0131 olarak adland\u0131r\u0131labilir. Gerek geleneksel gerekse dijital medya kanallar\u0131n\u0131 kullanarak medya ileti\u015fimi maksimizasyonu sa\u011flamak, markalar\u0131n olmazsa olmaz hamle tarzlar\u0131ndan biri olmal\u0131d\u0131r.<\/p>\n","protected":false},"excerpt":{"rendered":"<p>Bir markan\u0131n lanse etmeye \u00e7al\u0131\u015ft\u0131\u011f\u0131 t\u00fcm faaliyetlerinin, medya arac\u0131l\u0131\u011f\u0131 ile hedef kitlesine arzu edilen bir bi\u00e7imde aktar\u0131lmas\u0131na medya ileti\u015fimi denmektedir. Medya ileti\u015fimi, son derece \u00f6zenli bir<span class=\"excerpt-hellip\"> [\u2026]<\/span><\/p>\n","protected":false},"author":1,"featured_media":0,"parent":0,"menu_order":0,"comment_status":"closed","ping_status":"closed","template":"","meta":{"footnotes":""},"class_list":["post-2291","page","type-page","status-publish","hentry"],"_links":{"self":[{"href":"https:\/\/dopingmedya.tv\/index.php\/wp-json\/wp\/v2\/pages\/2291","targetHints":{"allow":["GET"]}}],"collection":[{"href":"https:\/\/dopingmedya.tv\/index.php\/wp-json\/wp\/v2\/pages"}],"about":[{"href":"https:\/\/dopingmedya.tv\/index.php\/wp-json\/wp\/v2\/types\/page"}],"author":[{"embeddable":true,"href":"https:\/\/dopingmedya.tv\/index.php\/wp-json\/wp\/v2\/users\/1"}],"replies":[{"embeddable":true,"href":"https:\/\/dopingmedya.tv\/index.php\/wp-json\/wp\/v2\/comments?post=2291"}],"version-history":[{"count":1,"href":"https:\/\/dopingmedya.tv\/index.php\/wp-json\/wp\/v2\/pages\/2291\/revisions"}],"predecessor-version":[{"id":2292,"href":"https:\/\/dopingmedya.tv\/index.php\/wp-json\/wp\/v2\/pages\/2291\/revisions\/2292"}],"wp:attachment":[{"href":"https:\/\/dopingmedya.tv\/index.php\/wp-json\/wp\/v2\/media?parent=2291"}],"curies":[{"name":"wp","href":"https:\/\/api.w.org\/{rel}","templated":true}]}}