{"id":2295,"date":"2023-11-26T05:15:22","date_gmt":"2023-11-26T02:15:22","guid":{"rendered":"https:\/\/dopingmedya.tv\/?page_id=2295"},"modified":"2023-11-26T05:33:38","modified_gmt":"2023-11-26T02:33:38","slug":"kurum-ici-iletisim","status":"publish","type":"page","link":"https:\/\/dopingmedya.tv\/index.php\/kurum-ici-iletisim\/","title":{"rendered":"Kurum \u0130\u00e7i \u0130leti\u015fim"},"content":{"rendered":"\n<p>Kurum i\u00e7i ileti\u015fim<a>,&nbsp;<\/a>bir firman\u0131n kurumsalla\u015fabilmesi ve \u00e7al\u0131\u015fanlar\u0131na aidiyet duygusu a\u015f\u0131layabilmesi i\u00e7in son derece \u00f6nemli bir olgudur. Kurum i\u00e7i ileti\u015fim faaliyetlerinde sa\u011flanacak olan ba\u015far\u0131, firman\u0131n bir b\u00fct\u00fcn halinde \u00e7al\u0131\u015fmalar\u0131n\u0131 s\u00fcrd\u00fcrmesi anlam\u0131n\u0131 ta\u015f\u0131maktad\u0131r. Kurum i\u00e7i ileti\u015fimi g\u00fc\u00e7l\u00fc olan firmalar, birbirinin dilinden anlayan, ayn\u0131 hedefe odaklanm\u0131\u015f ve bir ekip ruhuna sahip olmu\u015f yap\u0131lar haline gelmektedirler.<\/p>\n\n\n\n<p>Kurum i\u00e7i ileti\u015fim, firman\u0131n en alt kademesinden en \u00fcst kademesine kadar t\u00fcm \u00e7al\u0131\u015fanlar\u0131n\u0131n koordineli bir bi\u00e7imde hareket etmesini sa\u011flar. Kurum i\u00e7inde ya\u015fanabilecek en ufak bir s\u0131k\u0131nt\u0131, ileti\u015fim anlam\u0131nda g\u00fc\u00e7l\u00fc olunmas\u0131 ile ortadan kolayl\u0131kla kald\u0131r\u0131labilecek bir hal al\u0131r. Kurum i\u00e7i ileti\u015fim, firma \u00e7al\u0131\u015fanlar\u0131na \u00e7ok daha verimli bir \u00e7al\u0131\u015fma imk\u00e2n\u0131 tan\u0131maktad\u0131r. Firma \u00e7al\u0131\u015fanlar\u0131 kendi aralar\u0131nda sa\u011fl\u0131kl\u0131 bir ileti\u015fim tarz\u0131na sahip olurlar ise, her t\u00fcrl\u00fc projede birbirlerini tamamlayabilecek bir yap\u0131da hareket edebilme \u015fans\u0131n\u0131 yakalarlar. Bu t\u0131pk\u0131, bir di\u015flinin \u00e7arklar\u0131n\u0131n koordinasyon i\u00e7erisinde \u00e7al\u0131\u015fmas\u0131na benzemektedir.<\/p>\n\n\n\n<p><a>Kurum i\u00e7i ileti\u015fim<\/a>, firma \u00e7al\u0131\u015fanlar\u0131n\u0131n kendi i\u00e7lerinde olu\u015fturduklar\u0131 kurumsal bir dildir asl\u0131nda. Nas\u0131l ayn\u0131 dili konu\u015fan insanlar\u0131n birlikte i\u015f yapt\u0131klar\u0131nda ba\u015far\u0131 yakalama \u015fanslar\u0131 ayn\u0131 dili konu\u015fmayan insanlara g\u00f6re \u00e7ok daha y\u00fcksek ise<a>,&nbsp;<\/a>kurum i\u00e7i ileti\u015fimde yakalanacak dil birli\u011fi de o denli \u00f6nemli bir husustur.<\/p>\n","protected":false},"excerpt":{"rendered":"<p>Kurum i\u00e7i ileti\u015fim,&nbsp;bir firman\u0131n kurumsalla\u015fabilmesi ve \u00e7al\u0131\u015fanlar\u0131na aidiyet duygusu a\u015f\u0131layabilmesi i\u00e7in son derece \u00f6nemli bir olgudur. Kurum i\u00e7i ileti\u015fim faaliyetlerinde sa\u011flanacak olan ba\u015far\u0131, firman\u0131n bir b\u00fct\u00fcn<span class=\"excerpt-hellip\"> [\u2026]<\/span><\/p>\n","protected":false},"author":1,"featured_media":0,"parent":0,"menu_order":0,"comment_status":"closed","ping_status":"closed","template":"","meta":{"footnotes":""},"class_list":["post-2295","page","type-page","status-publish","hentry"],"_links":{"self":[{"href":"https:\/\/dopingmedya.tv\/index.php\/wp-json\/wp\/v2\/pages\/2295","targetHints":{"allow":["GET"]}}],"collection":[{"href":"https:\/\/dopingmedya.tv\/index.php\/wp-json\/wp\/v2\/pages"}],"about":[{"href":"https:\/\/dopingmedya.tv\/index.php\/wp-json\/wp\/v2\/types\/page"}],"author":[{"embeddable":true,"href":"https:\/\/dopingmedya.tv\/index.php\/wp-json\/wp\/v2\/users\/1"}],"replies":[{"embeddable":true,"href":"https:\/\/dopingmedya.tv\/index.php\/wp-json\/wp\/v2\/comments?post=2295"}],"version-history":[{"count":1,"href":"https:\/\/dopingmedya.tv\/index.php\/wp-json\/wp\/v2\/pages\/2295\/revisions"}],"predecessor-version":[{"id":2296,"href":"https:\/\/dopingmedya.tv\/index.php\/wp-json\/wp\/v2\/pages\/2295\/revisions\/2296"}],"wp:attachment":[{"href":"https:\/\/dopingmedya.tv\/index.php\/wp-json\/wp\/v2\/media?parent=2295"}],"curies":[{"name":"wp","href":"https:\/\/api.w.org\/{rel}","templated":true}]}}